{"id":33,"date":"2016-11-25T11:17:02","date_gmt":"2016-11-25T10:17:02","guid":{"rendered":"http:\/\/www.frank-michel.com\/?page_id=33"},"modified":"2024-03-09T18:47:42","modified_gmt":"2024-03-09T17:47:42","slug":"vita","status":"publish","type":"page","link":"http:\/\/www.frank-michel.com\/index.php\/vita\/","title":{"rendered":"Vita"},"content":{"rendered":"<p><a href=\"http:\/\/www.frank-michel.com\/wordpress\/wp-content\/uploads\/2020\/06\/DSC_7966-9x13quer.jpg\"><img loading=\"lazy\" decoding=\"async\" class=\"alignnone size-medium wp-image-139\" src=\"http:\/\/www.frank-michel.com\/wordpress\/wp-content\/uploads\/2020\/06\/DSC_7966-9x13quer-300x210.jpg\" alt=\"\" width=\"300\" height=\"210\" srcset=\"http:\/\/www.frank-michel.com\/wordpress\/wp-content\/uploads\/2020\/06\/DSC_7966-9x13quer-300x210.jpg 300w, http:\/\/www.frank-michel.com\/wordpress\/wp-content\/uploads\/2020\/06\/DSC_7966-9x13quer-768x538.jpg 768w, http:\/\/www.frank-michel.com\/wordpress\/wp-content\/uploads\/2020\/06\/DSC_7966-9x13quer-1024x718.jpg 1024w, http:\/\/www.frank-michel.com\/wordpress\/wp-content\/uploads\/2020\/06\/DSC_7966-9x13quer.jpg 2000w\" sizes=\"(max-width: 300px) 100vw, 300px\" \/><\/a><\/p>\n<p>Frank Michel, geboren 1967 in Dortmund, verheiratet und Vater von 2 Kindern.<\/p>\n<p>1989 Gesellenbrief Elektromaschinenbauer<\/p>\n<p>1994 Ausbildung zum Betriebssystemtechniker bei Siemens-Nixdorf<\/p>\n<p>2006 Studium BWL mit Abschlu\u00df Diplomkaufmann<\/p>\n<p>2009 freiberuflicher Unternehmensberater<\/p>\n<p>Seit 2022 Gesch\u00e4ftsf\u00fchrer der Informatik Team GmbH<\/p>\n","protected":false},"excerpt":{"rendered":"<p>Frank Michel, geboren 1967 in Dortmund, verheiratet und Vater von 2 Kindern. 1989 Gesellenbrief Elektromaschinenbauer 1994 Ausbildung zum Betriebssystemtechniker bei Siemens-Nixdorf 2006 Studium BWL mit Abschlu\u00df Diplomkaufmann 2009 freiberuflicher Unternehmensberater Seit 2022 Gesch\u00e4ftsf\u00fchrer der Informatik Team GmbH<\/p>\n","protected":false},"author":1,"featured_media":0,"parent":0,"menu_order":0,"comment_status":"closed","ping_status":"closed","template":"","meta":{"footnotes":""},"_links":{"self":[{"href":"http:\/\/www.frank-michel.com\/index.php\/wp-json\/wp\/v2\/pages\/33"}],"collection":[{"href":"http:\/\/www.frank-michel.com\/index.php\/wp-json\/wp\/v2\/pages"}],"about":[{"href":"http:\/\/www.frank-michel.com\/index.php\/wp-json\/wp\/v2\/types\/page"}],"author":[{"embeddable":true,"href":"http:\/\/www.frank-michel.com\/index.php\/wp-json\/wp\/v2\/users\/1"}],"replies":[{"embeddable":true,"href":"http:\/\/www.frank-michel.com\/index.php\/wp-json\/wp\/v2\/comments?post=33"}],"version-history":[{"count":6,"href":"http:\/\/www.frank-michel.com\/index.php\/wp-json\/wp\/v2\/pages\/33\/revisions"}],"predecessor-version":[{"id":1378,"href":"http:\/\/www.frank-michel.com\/index.php\/wp-json\/wp\/v2\/pages\/33\/revisions\/1378"}],"wp:attachment":[{"href":"http:\/\/www.frank-michel.com\/index.php\/wp-json\/wp\/v2\/media?parent=33"}],"curies":[{"name":"wp","href":"https:\/\/api.w.org\/{rel}","templated":true}]}}